{"id":15,"date":"2022-03-01T08:59:32","date_gmt":"2022-03-01T08:59:32","guid":{"rendered":"https:\/\/tajmahaldf.com\/site\/?page_id=15"},"modified":"2024-08-07T19:58:48","modified_gmt":"2024-08-07T19:58:48","slug":"our-kitchen","status":"publish","type":"page","link":"https:\/\/tajmahaldf.com\/site\/our-kitchen\/","title":{"rendered":"Our kitchen"},"content":{"rendered":"\t\t<div data-elementor-type=\"wp-page\" data-elementor-id=\"15\" class=\"elementor elementor-15\" data-elementor-post-type=\"page\">\n\t\t\t\t\t\t<section class=\"elementor-section elementor-top-section elementor-element elementor-element-c30c7f6 elementor-section-stretched elementor-section-boxed elementor-section-height-default elementor-section-height-default\" data-id=\"c30c7f6\" data-element_type=\"section\" data-settings=\"{&quot;stretch_section&quot;:&quot;section-stretched&quot;,&quot;background_background&quot;:&quot;classic&quot;}\">\n\t\t\t\t\t\t<div class=\"elementor-container elementor-column-gap-wider\">\n\t\t\t\t\t<div class=\"elementor-column elementor-col-100 elementor-top-column elementor-element elementor-element-9e0b918\" data-id=\"9e0b918\" data-element_type=\"column\">\n\t\t\t<div class=\"elementor-widget-wrap elementor-element-populated\">\n\t\t\t\t\t\t<section class=\"elementor-section elementor-inner-section elementor-element elementor-element-67dda43 elementor-section-boxed elementor-section-height-default elementor-section-height-default\" data-id=\"67dda43\" data-element_type=\"section\">\n\t\t\t\t\t\t<div class=\"elementor-container elementor-column-gap-default\">\n\t\t\t\t\t<div class=\"elementor-column elementor-col-100 elementor-inner-column elementor-element elementor-element-0ae6159\" data-id=\"0ae6159\" data-element_type=\"column\">\n\t\t\t<div class=\"elementor-widget-wrap elementor-element-populated\">\n\t\t\t\t\t\t<div class=\"elementor-element elementor-element-4111f77 elementor-widget elementor-widget-image\" data-id=\"4111f77\" data-element_type=\"widget\" data-widget_type=\"image.default\">\n\t\t\t\t<div class=\"elementor-widget-container\">\n\t\t\t\t\t\t\t\t\t\t\t\t\t\t\t<img decoding=\"async\" src=\"https:\/\/tajmahaldf.com\/site\/wp-content\/uploads\/2022\/03\/foodtruck2-icon3.svg\" title=\"\" alt=\"\" loading=\"lazy\" \/>\t\t\t\t\t\t\t\t\t\t\t\t\t\t\t<\/div>\n\t\t\t\t<\/div>\n\t\t\t\t<div class=\"elementor-element elementor-element-ea46f6d elementor-widget elementor-widget-heading\" data-id=\"ea46f6d\" data-element_type=\"widget\" data-widget_type=\"heading.default\">\n\t\t\t\t<div class=\"elementor-widget-container\">\n\t\t\t\t\t<h2 class=\"elementor-heading-title elementor-size-default\">NOSOTROS<\/h2>\t\t\t\t<\/div>\n\t\t\t\t<\/div>\n\t\t\t\t\t<\/div>\n\t\t<\/div>\n\t\t\t\t\t<\/div>\n\t\t<\/section>\n\t\t\t\t\t<\/div>\n\t\t<\/div>\n\t\t\t\t\t<\/div>\n\t\t<\/section>\n\t\t\t\t<section class=\"elementor-section elementor-top-section elementor-element elementor-element-47056de elementor-section-stretched elementor-section-boxed elementor-section-height-default elementor-section-height-default\" data-id=\"47056de\" data-element_type=\"section\" data-settings=\"{&quot;stretch_section&quot;:&quot;section-stretched&quot;,&quot;background_background&quot;:&quot;classic&quot;}\">\n\t\t\t\t\t\t<div class=\"elementor-container elementor-column-gap-wider\">\n\t\t\t\t\t<div class=\"elementor-column elementor-col-100 elementor-top-column elementor-element elementor-element-4863dba\" data-id=\"4863dba\" data-element_type=\"column\">\n\t\t\t<div class=\"elementor-widget-wrap elementor-element-populated\">\n\t\t\t\t\t\t<section class=\"elementor-section elementor-inner-section elementor-element elementor-element-8b7f65a elementor-section-boxed elementor-section-height-default elementor-section-height-default\" data-id=\"8b7f65a\" data-element_type=\"section\">\n\t\t\t\t\t\t<div class=\"elementor-container elementor-column-gap-default\">\n\t\t\t\t\t<div class=\"elementor-column elementor-col-16 elementor-inner-column elementor-element elementor-element-ed93465\" data-id=\"ed93465\" data-element_type=\"column\">\n\t\t\t<div class=\"elementor-widget-wrap\">\n\t\t\t\t\t\t\t<\/div>\n\t\t<\/div>\n\t\t\t\t<div class=\"elementor-column elementor-col-66 elementor-inner-column elementor-element elementor-element-bc4f288\" data-id=\"bc4f288\" data-element_type=\"column\">\n\t\t\t<div class=\"elementor-widget-wrap elementor-element-populated\">\n\t\t\t\t\t\t<div class=\"elementor-element elementor-element-45bb024 elementor-widget elementor-widget-image\" data-id=\"45bb024\" data-element_type=\"widget\" data-widget_type=\"image.default\">\n\t\t\t\t<div class=\"elementor-widget-container\">\n\t\t\t\t\t\t\t\t\t\t\t\t\t\t\t<img fetchpriority=\"high\" decoding=\"async\" width=\"1200\" height=\"800\" src=\"https:\/\/tajmahaldf.com\/site\/wp-content\/uploads\/2024\/07\/chicken-tikka-masala-2023-11-27-05-16-30-utc-1200x800.jpg\" class=\"attachment-large size-large wp-image-217\" alt=\"\" srcset=\"https:\/\/tajmahaldf.com\/site\/wp-content\/uploads\/2024\/07\/chicken-tikka-masala-2023-11-27-05-16-30-utc-1200x800.jpg 1200w, https:\/\/tajmahaldf.com\/site\/wp-content\/uploads\/2024\/07\/chicken-tikka-masala-2023-11-27-05-16-30-utc-500x333.jpg 500w, https:\/\/tajmahaldf.com\/site\/wp-content\/uploads\/2024\/07\/chicken-tikka-masala-2023-11-27-05-16-30-utc-300x200.jpg 300w, https:\/\/tajmahaldf.com\/site\/wp-content\/uploads\/2024\/07\/chicken-tikka-masala-2023-11-27-05-16-30-utc-768x512.jpg 768w, https:\/\/tajmahaldf.com\/site\/wp-content\/uploads\/2024\/07\/chicken-tikka-masala-2023-11-27-05-16-30-utc-1536x1024.jpg 1536w\" sizes=\"(max-width:767px) 480px, (max-width:1200px) 100vw, 1200px\" \/>\t\t\t\t\t\t\t\t\t\t\t\t\t\t\t<\/div>\n\t\t\t\t<\/div>\n\t\t\t\t<div class=\"elementor-element elementor-element-f390151 elementor-widget elementor-widget-heading\" data-id=\"f390151\" data-element_type=\"widget\" data-widget_type=\"heading.default\">\n\t\t\t\t<div class=\"elementor-widget-container\">\n\t\t\t\t\t<h2 class=\"elementor-heading-title elementor-size-default\"><span style=\"color: #EE202E\">COCINA <\/span> MILENARIA<\/h2>\t\t\t\t<\/div>\n\t\t\t\t<\/div>\n\t\t\t\t<div class=\"elementor-element elementor-element-f2e6035 elementor-widget elementor-widget-text-editor\" data-id=\"f2e6035\" data-element_type=\"widget\" data-widget_type=\"text-editor.default\">\n\t\t\t\t<div class=\"elementor-widget-container\">\n\t\t\t\t\t\t\t\t\t<p>En el Restaurante Casa Elefante, ubicado en el coraz\u00f3n de Polanco, CDMX, somos una familia apasionada por los sabores tradicionales de la India. Con una dedicaci\u00f3n absoluta a la autenticidad culinaria, hemos tra\u00eddo a M\u00e9xico lo mejor de nuestra gastronom\u00eda, que combina siglos de historia y tradici\u00f3n. Nuestro equipo, compuesto por un chef experimentado y un personal de servicio originarios de la India, lleg\u00f3 con el firme prop\u00f3sito de conquistar el exigente paladar mexicano.<\/p>\t\t\t\t\t\t\t\t<\/div>\n\t\t\t\t<\/div>\n\t\t\t\t\t<\/div>\n\t\t<\/div>\n\t\t\t\t<div class=\"elementor-column elementor-col-16 elementor-inner-column elementor-element elementor-element-3ac634d\" data-id=\"3ac634d\" data-element_type=\"column\">\n\t\t\t<div class=\"elementor-widget-wrap\">\n\t\t\t\t\t\t\t<\/div>\n\t\t<\/div>\n\t\t\t\t\t<\/div>\n\t\t<\/section>\n\t\t\t\t\t<\/div>\n\t\t<\/div>\n\t\t\t\t\t<\/div>\n\t\t<\/section>\n\t\t\t\t<section class=\"elementor-section elementor-top-section elementor-element elementor-element-1fc3146 elementor-section-stretched elementor-section-boxed elementor-section-height-default elementor-section-height-default\" data-id=\"1fc3146\" data-element_type=\"section\" data-settings=\"{&quot;stretch_section&quot;:&quot;section-stretched&quot;,&quot;background_background&quot;:&quot;classic&quot;}\">\n\t\t\t\t\t\t<div class=\"elementor-container elementor-column-gap-wider\">\n\t\t\t\t\t<div class=\"elementor-column elementor-col-100 elementor-top-column elementor-element elementor-element-649b02e\" data-id=\"649b02e\" data-element_type=\"column\">\n\t\t\t<div class=\"elementor-widget-wrap elementor-element-populated\">\n\t\t\t\t\t\t<section class=\"elementor-section elementor-inner-section elementor-element elementor-element-92000a2 elementor-section-boxed elementor-section-height-default elementor-section-height-default\" data-id=\"92000a2\" data-element_type=\"section\">\n\t\t\t\t\t\t<div class=\"elementor-container elementor-column-gap-default\">\n\t\t\t\t\t<div class=\"elementor-column elementor-col-100 elementor-inner-column elementor-element elementor-element-3b7bd5b\" data-id=\"3b7bd5b\" data-element_type=\"column\">\n\t\t\t<div class=\"elementor-widget-wrap elementor-element-populated\">\n\t\t\t\t\t\t<div class=\"elementor-element elementor-element-36953cd elementor-widget elementor-widget-heading\" data-id=\"36953cd\" data-element_type=\"widget\" data-widget_type=\"heading.default\">\n\t\t\t\t<div class=\"elementor-widget-container\">\n\t\t\t\t\t<h2 class=\"elementor-heading-title elementor-size-default\">Nuesto Amor por el Sabor<\/h2>\t\t\t\t<\/div>\n\t\t\t\t<\/div>\n\t\t\t\t\t<\/div>\n\t\t<\/div>\n\t\t\t\t\t<\/div>\n\t\t<\/section>\n\t\t\t\t\t<\/div>\n\t\t<\/div>\n\t\t\t\t\t<\/div>\n\t\t<\/section>\n\t\t\t\t<section class=\"elementor-section elementor-top-section elementor-element elementor-element-96465cf elementor-section-stretched elementor-section-boxed elementor-section-height-default elementor-section-height-default\" data-id=\"96465cf\" data-element_type=\"section\" data-settings=\"{&quot;stretch_section&quot;:&quot;section-stretched&quot;}\">\n\t\t\t\t\t\t<div class=\"elementor-container elementor-column-gap-wider\">\n\t\t\t\t\t<div class=\"elementor-column elementor-col-100 elementor-top-column elementor-element elementor-element-d7ab5a0\" data-id=\"d7ab5a0\" data-element_type=\"column\">\n\t\t\t<div class=\"elementor-widget-wrap elementor-element-populated\">\n\t\t\t\t\t\t<section class=\"elementor-section elementor-inner-section elementor-element elementor-element-bbbe539 elementor-section-content-middle elementor-reverse-mobile elementor-section-boxed elementor-section-height-default elementor-section-height-default\" data-id=\"bbbe539\" data-element_type=\"section\">\n\t\t\t\t\t\t<div class=\"elementor-container elementor-column-gap-default\">\n\t\t\t\t\t<div class=\"elementor-column elementor-col-50 elementor-inner-column elementor-element elementor-element-ece2459\" data-id=\"ece2459\" data-element_type=\"column\">\n\t\t\t<div class=\"elementor-widget-wrap elementor-element-populated\">\n\t\t\t\t\t\t<div class=\"elementor-element elementor-element-df4366e elementor-widget elementor-widget-heading\" data-id=\"df4366e\" data-element_type=\"widget\" data-widget_type=\"heading.default\">\n\t\t\t\t<div class=\"elementor-widget-container\">\n\t\t\t\t\t<h2 class=\"elementor-heading-title elementor-size-default\"><font color=\"#fe3220\">Compromiso<\/font><\/h2>\t\t\t\t<\/div>\n\t\t\t\t<\/div>\n\t\t\t\t<div class=\"elementor-element elementor-element-8f47bbf elementor-widget elementor-widget-text-editor\" data-id=\"8f47bbf\" data-element_type=\"widget\" data-widget_type=\"text-editor.default\">\n\t\t\t\t<div class=\"elementor-widget-container\">\n\t\t\t\t\t\t\t\t\t<p>En Casa Elefante, te ofrecemos una experiencia que va m\u00e1s all\u00e1 de la comida. Desde el momento en que entras, te recibimos con la calidez y hospitalidad que caracteriza a nuestra cultura. El ambiente acogedor y familiar es perfecto tanto para una cena en compa\u00f1\u00eda de seres queridos como para una reuni\u00f3n de negocios o una ocasi\u00f3n especial.<\/p>\t\t\t\t\t\t\t\t<\/div>\n\t\t\t\t<\/div>\n\t\t\t\t\t<\/div>\n\t\t<\/div>\n\t\t\t\t<div class=\"elementor-column elementor-col-50 elementor-inner-column elementor-element elementor-element-159dedd\" data-id=\"159dedd\" data-element_type=\"column\">\n\t\t\t<div class=\"elementor-widget-wrap elementor-element-populated\">\n\t\t\t\t\t\t<div class=\"elementor-element elementor-element-224afc9 elementor-widget elementor-widget-image\" data-id=\"224afc9\" data-element_type=\"widget\" data-widget_type=\"image.default\">\n\t\t\t\t<div class=\"elementor-widget-container\">\n\t\t\t\t\t\t\t\t\t\t\t\t\t\t\t<img decoding=\"async\" width=\"1200\" height=\"759\" src=\"https:\/\/tajmahaldf.com\/site\/wp-content\/uploads\/2024\/07\/casaelefante-01-1200x759.png\" class=\"attachment-large size-large wp-image-216\" alt=\"\" srcset=\"https:\/\/tajmahaldf.com\/site\/wp-content\/uploads\/2024\/07\/casaelefante-01-1200x759.png 1200w, https:\/\/tajmahaldf.com\/site\/wp-content\/uploads\/2024\/07\/casaelefante-01-500x316.png 500w, https:\/\/tajmahaldf.com\/site\/wp-content\/uploads\/2024\/07\/casaelefante-01-300x190.png 300w, https:\/\/tajmahaldf.com\/site\/wp-content\/uploads\/2024\/07\/casaelefante-01-768x486.png 768w, https:\/\/tajmahaldf.com\/site\/wp-content\/uploads\/2024\/07\/casaelefante-01-1536x972.png 1536w, https:\/\/tajmahaldf.com\/site\/wp-content\/uploads\/2024\/07\/casaelefante-01-119x75.png 119w, https:\/\/tajmahaldf.com\/site\/wp-content\/uploads\/2024\/07\/casaelefante-01-480x304.png 480w, https:\/\/tajmahaldf.com\/site\/wp-content\/uploads\/2024\/07\/casaelefante-01.png 1600w\" sizes=\"(max-width:767px) 480px, (max-width:1200px) 100vw, 1200px\" \/>\t\t\t\t\t\t\t\t\t\t\t\t\t\t\t<\/div>\n\t\t\t\t<\/div>\n\t\t\t\t\t<\/div>\n\t\t<\/div>\n\t\t\t\t\t<\/div>\n\t\t<\/section>\n\t\t\t\t\t<\/div>\n\t\t<\/div>\n\t\t\t\t\t<\/div>\n\t\t<\/section>\n\t\t\t\t<section class=\"elementor-section elementor-top-section elementor-element elementor-element-f311ed8 elementor-section-stretched elementor-section-boxed elementor-section-height-default elementor-section-height-default\" data-id=\"f311ed8\" data-element_type=\"section\" data-settings=\"{&quot;stretch_section&quot;:&quot;section-stretched&quot;,&quot;background_background&quot;:&quot;classic&quot;}\">\n\t\t\t\t\t\t<div class=\"elementor-container elementor-column-gap-wider\">\n\t\t\t\t\t<div class=\"elementor-column elementor-col-100 elementor-top-column elementor-element elementor-element-ca2bc74\" data-id=\"ca2bc74\" data-element_type=\"column\">\n\t\t\t<div class=\"elementor-widget-wrap elementor-element-populated\">\n\t\t\t\t\t\t<section class=\"elementor-section elementor-inner-section elementor-element elementor-element-94b77e1 elementor-section-boxed elementor-section-height-default elementor-section-height-default\" data-id=\"94b77e1\" data-element_type=\"section\">\n\t\t\t\t\t\t<div class=\"elementor-container elementor-column-gap-default\">\n\t\t\t\t\t<div class=\"elementor-column elementor-col-100 elementor-inner-column elementor-element elementor-element-56de332\" data-id=\"56de332\" data-element_type=\"column\">\n\t\t\t<div class=\"elementor-widget-wrap elementor-element-populated\">\n\t\t\t\t\t\t<div class=\"elementor-element elementor-element-a8e3bc1 elementor-widget elementor-widget-image\" data-id=\"a8e3bc1\" data-element_type=\"widget\" data-widget_type=\"image.default\">\n\t\t\t\t<div class=\"elementor-widget-container\">\n\t\t\t\t\t\t\t\t\t\t\t\t\t\t\t<img decoding=\"async\" src=\"https:\/\/tajmahaldf.com\/site\/wp-content\/uploads\/2022\/03\/foodtruck2-icon1.svg\" title=\"\" alt=\"\" loading=\"lazy\" \/>\t\t\t\t\t\t\t\t\t\t\t\t\t\t\t<\/div>\n\t\t\t\t<\/div>\n\t\t\t\t<div class=\"elementor-element elementor-element-e124ab1 elementor-widget elementor-widget-heading\" data-id=\"e124ab1\" data-element_type=\"widget\" data-widget_type=\"heading.default\">\n\t\t\t\t<div class=\"elementor-widget-container\">\n\t\t\t\t\t<h2 class=\"elementor-heading-title elementor-size-default\"><font color=\"#fe3220\">Nuestros platillos<\/font><\/h2>\t\t\t\t<\/div>\n\t\t\t\t<\/div>\n\t\t\t\t<div class=\"elementor-element elementor-element-2dbf319 elementor-widget elementor-widget-text-editor\" data-id=\"2dbf319\" data-element_type=\"widget\" data-widget_type=\"text-editor.default\">\n\t\t\t\t<div class=\"elementor-widget-container\">\n\t\t\t\t\t\t\t\t\t<p>Nuestra carta es un viaje gastron\u00f3mico por la India y Pakist\u00e1n, con platos que reflejan la diversidad de sabores y t\u00e9cnicas culinarias de estos dos pa\u00edses. Desde el arom\u00e1tico biryani hasta el sabroso pollo tikka masala, cada bocado est\u00e1 lleno de especias y aromas que te transportar\u00e1n a tierras lejanas. Adem\u00e1s, nuestros precios accesibles te permiten disfrutar de esta exquisita cocina sin preocuparte por tu presupuesto.<\/p>\t\t\t\t\t\t\t\t<\/div>\n\t\t\t\t<\/div>\n\t\t\t\t\t<\/div>\n\t\t<\/div>\n\t\t\t\t\t<\/div>\n\t\t<\/section>\n\t\t\t\t\t<\/div>\n\t\t<\/div>\n\t\t\t\t\t<\/div>\n\t\t<\/section>\n\t\t\t\t<section class=\"elementor-section elementor-top-section elementor-element elementor-element-574d318 elementor-section-stretched elementor-section-boxed elementor-section-height-default elementor-section-height-default\" data-id=\"574d318\" data-element_type=\"section\" data-settings=\"{&quot;stretch_section&quot;:&quot;section-stretched&quot;}\">\n\t\t\t\t\t\t<div class=\"elementor-container elementor-column-gap-wider\">\n\t\t\t\t\t<div class=\"elementor-column elementor-col-100 elementor-top-column elementor-element elementor-element-97a217c\" data-id=\"97a217c\" data-element_type=\"column\">\n\t\t\t<div class=\"elementor-widget-wrap elementor-element-populated\">\n\t\t\t\t\t\t<section class=\"elementor-section elementor-inner-section elementor-element elementor-element-9c6dac3 elementor-section-content-middle elementor-section-boxed elementor-section-height-default elementor-section-height-default\" data-id=\"9c6dac3\" data-element_type=\"section\">\n\t\t\t\t\t\t\t<div class=\"elementor-background-overlay\"><\/div>\n\t\t\t\t\t\t\t<div class=\"elementor-container elementor-column-gap-default\">\n\t\t\t\t\t<div class=\"elementor-column elementor-col-50 elementor-inner-column elementor-element elementor-element-a15010d\" data-id=\"a15010d\" data-element_type=\"column\">\n\t\t\t<div class=\"elementor-widget-wrap elementor-element-populated\">\n\t\t\t\t\t\t<div class=\"elementor-element elementor-element-0e595e1 elementor-widget elementor-widget-image\" data-id=\"0e595e1\" data-element_type=\"widget\" data-widget_type=\"image.default\">\n\t\t\t\t<div class=\"elementor-widget-container\">\n\t\t\t\t\t\t\t\t\t\t\t\t\t\t\t<img decoding=\"async\" width=\"596\" height=\"1200\" src=\"https:\/\/tajmahaldf.com\/site\/wp-content\/uploads\/2024\/07\/tikka_masala-596x1200.jpg\" class=\"attachment-large size-large wp-image-337\" alt=\"\" srcset=\"https:\/\/tajmahaldf.com\/site\/wp-content\/uploads\/2024\/07\/tikka_masala-596x1200.jpg 596w, https:\/\/tajmahaldf.com\/site\/wp-content\/uploads\/2024\/07\/tikka_masala-249x500.jpg 249w, https:\/\/tajmahaldf.com\/site\/wp-content\/uploads\/2024\/07\/tikka_masala-149x300.jpg 149w, https:\/\/tajmahaldf.com\/site\/wp-content\/uploads\/2024\/07\/tikka_masala-768x1545.jpg 768w, https:\/\/tajmahaldf.com\/site\/wp-content\/uploads\/2024\/07\/tikka_masala-37x75.jpg 37w, https:\/\/tajmahaldf.com\/site\/wp-content\/uploads\/2024\/07\/tikka_masala-477x960.jpg 477w, https:\/\/tajmahaldf.com\/site\/wp-content\/uploads\/2024\/07\/tikka_masala.jpg 1018w\" sizes=\"(max-width:767px) 480px, 596px\" \/>\t\t\t\t\t\t\t\t\t\t\t\t\t\t\t<\/div>\n\t\t\t\t<\/div>\n\t\t\t\t\t<\/div>\n\t\t<\/div>\n\t\t\t\t<div class=\"elementor-column elementor-col-50 elementor-inner-column elementor-element elementor-element-27452dc\" data-id=\"27452dc\" data-element_type=\"column\" data-settings=\"{&quot;background_background&quot;:&quot;classic&quot;}\">\n\t\t\t<div class=\"elementor-widget-wrap elementor-element-populated\">\n\t\t\t\t\t\t<div class=\"elementor-element elementor-element-d7683b1 elementor-widget elementor-widget-image\" data-id=\"d7683b1\" data-element_type=\"widget\" data-widget_type=\"image.default\">\n\t\t\t\t<div class=\"elementor-widget-container\">\n\t\t\t\t\t\t\t\t\t\t\t\t\t\t\t<img decoding=\"async\" src=\"https:\/\/tajmahaldf.com\/site\/wp-content\/uploads\/2022\/03\/foodtruck2-icon3.svg\" title=\"\" alt=\"\" loading=\"lazy\" \/>\t\t\t\t\t\t\t\t\t\t\t\t\t\t\t<\/div>\n\t\t\t\t<\/div>\n\t\t\t\t<div class=\"elementor-element elementor-element-4b53995 elementor-widget elementor-widget-heading\" data-id=\"4b53995\" data-element_type=\"widget\" data-widget_type=\"heading.default\">\n\t\t\t\t<div class=\"elementor-widget-container\">\n\t\t\t\t\t<h2 class=\"elementor-heading-title elementor-size-default\">Nuestras sucursales<\/h2>\t\t\t\t<\/div>\n\t\t\t\t<\/div>\n\t\t\t\t<div class=\"elementor-element elementor-element-8acd0da elementor-widget elementor-widget-text-editor\" data-id=\"8acd0da\" data-element_type=\"widget\" data-widget_type=\"text-editor.default\">\n\t\t\t\t<div class=\"elementor-widget-container\">\n\t\t\t\t\t\t\t\t\t<p>Nos enorgullece tambi\u00e9n contar con dos sucursales m\u00e1s que llevan el nombre de Taj Mahal, ubicadas en las vibrantes colonias de Condesa y Roma. En cada una de nuestras locaciones, mantenemos el mismo compromiso con la calidad y la autenticidad, ofreciendo una atm\u00f3sfera acogedora y un servicio excepcional.<\/p><p>\u00a0<\/p>\t\t\t\t\t\t\t\t<\/div>\n\t\t\t\t<\/div>\n\t\t\t\t<div class=\"elementor-element elementor-element-5245410 elementor-widget elementor-widget-spacer\" data-id=\"5245410\" data-element_type=\"widget\" data-widget_type=\"spacer.default\">\n\t\t\t\t<div class=\"elementor-widget-container\">\n\t\t\t\t\t\t\t<div class=\"elementor-spacer\">\n\t\t\t<div class=\"elementor-spacer-inner\"><\/div>\n\t\t<\/div>\n\t\t\t\t\t\t<\/div>\n\t\t\t\t<\/div>\n\t\t\t\t\t<\/div>\n\t\t<\/div>\n\t\t\t\t\t<\/div>\n\t\t<\/section>\n\t\t\t\t\t<\/div>\n\t\t<\/div>\n\t\t\t\t\t<\/div>\n\t\t<\/section>\n\t\t\t\t<section class=\"elementor-section elementor-top-section elementor-element elementor-element-78cfad2 elementor-section-stretched elementor-section-boxed elementor-section-height-default elementor-section-height-default\" data-id=\"78cfad2\" data-element_type=\"section\" data-settings=\"{&quot;stretch_section&quot;:&quot;section-stretched&quot;,&quot;background_background&quot;:&quot;classic&quot;}\">\n\t\t\t\t\t\t<div class=\"elementor-container elementor-column-gap-wider\">\n\t\t\t\t\t<div class=\"elementor-column elementor-col-100 elementor-top-column elementor-element elementor-element-4b3ee62\" data-id=\"4b3ee62\" data-element_type=\"column\">\n\t\t\t<div class=\"elementor-widget-wrap elementor-element-populated\">\n\t\t\t\t\t\t<section class=\"elementor-section elementor-inner-section elementor-element elementor-element-b62ce90 elementor-section-boxed elementor-section-height-default elementor-section-height-default\" data-id=\"b62ce90\" data-element_type=\"section\">\n\t\t\t\t\t\t<div class=\"elementor-container elementor-column-gap-default\">\n\t\t\t\t\t<div class=\"elementor-column elementor-col-16 elementor-inner-column elementor-element elementor-element-fa56d20\" data-id=\"fa56d20\" data-element_type=\"column\">\n\t\t\t<div class=\"elementor-widget-wrap\">\n\t\t\t\t\t\t\t<\/div>\n\t\t<\/div>\n\t\t\t\t<div class=\"elementor-column elementor-col-66 elementor-inner-column elementor-element elementor-element-0e7f5e8\" data-id=\"0e7f5e8\" data-element_type=\"column\">\n\t\t\t<div class=\"elementor-widget-wrap elementor-element-populated\">\n\t\t\t\t\t\t<div class=\"elementor-element elementor-element-ebe55a3 elementor-widget elementor-widget-image\" data-id=\"ebe55a3\" data-element_type=\"widget\" data-widget_type=\"image.default\">\n\t\t\t\t<div class=\"elementor-widget-container\">\n\t\t\t\t\t\t\t\t\t\t\t\t\t\t\t<img loading=\"lazy\" decoding=\"async\" width=\"811\" height=\"594\" src=\"https:\/\/tajmahaldf.com\/site\/wp-content\/uploads\/2024\/07\/Recurso-10.png\" class=\"attachment-large size-large wp-image-186\" alt=\"\" srcset=\"https:\/\/tajmahaldf.com\/site\/wp-content\/uploads\/2024\/07\/Recurso-10.png 811w, https:\/\/tajmahaldf.com\/site\/wp-content\/uploads\/2024\/07\/Recurso-10-500x366.png 500w, https:\/\/tajmahaldf.com\/site\/wp-content\/uploads\/2024\/07\/Recurso-10-300x220.png 300w, https:\/\/tajmahaldf.com\/site\/wp-content\/uploads\/2024\/07\/Recurso-10-768x563.png 768w, https:\/\/tajmahaldf.com\/site\/wp-content\/uploads\/2024\/07\/Recurso-10-102x75.png 102w, https:\/\/tajmahaldf.com\/site\/wp-content\/uploads\/2024\/07\/Recurso-10-480x352.png 480w\" sizes=\"(max-width:767px) 480px, (max-width:811px) 100vw, 811px\" \/>\t\t\t\t\t\t\t\t\t\t\t\t\t\t\t<\/div>\n\t\t\t\t<\/div>\n\t\t\t\t<div class=\"elementor-element elementor-element-7a10213 elementor-widget elementor-widget-heading\" data-id=\"7a10213\" data-element_type=\"widget\" data-widget_type=\"heading.default\">\n\t\t\t\t<div class=\"elementor-widget-container\">\n\t\t\t\t\t<h2 class=\"elementor-heading-title elementor-size-default\"><span style=\"color: #EE202E\">UNA<\/span> GRAN FAMILIA<\/h2>\t\t\t\t<\/div>\n\t\t\t\t<\/div>\n\t\t\t\t<div class=\"elementor-element elementor-element-0ad0753 elementor-widget elementor-widget-text-editor\" data-id=\"0ad0753\" data-element_type=\"widget\" data-widget_type=\"text-editor.default\">\n\t\t\t\t<div class=\"elementor-widget-container\">\n\t\t\t\t\t\t\t\t\t<p>En Casa Elefante y nuestras sucursales Taj Mahal Condesa y Taj Mahal Roma, cada detalle est\u00e1 pensado para brindarte una experiencia \u00fanica e inolvidable. Ven y descubre por qu\u00e9 la cocina de la India y Pakist\u00e1n es una de las m\u00e1s apreciadas y queridas en todo el mundo. Te esperamos con los brazos abiertos para compartir contigo nuestra pasi\u00f3n por la buena comida y la cultura de la India y Pakist\u00e1n.<\/p>\t\t\t\t\t\t\t\t<\/div>\n\t\t\t\t<\/div>\n\t\t\t\t\t<\/div>\n\t\t<\/div>\n\t\t\t\t<div class=\"elementor-column elementor-col-16 elementor-inner-column elementor-element elementor-element-bd04699\" data-id=\"bd04699\" data-element_type=\"column\">\n\t\t\t<div class=\"elementor-widget-wrap\">\n\t\t\t\t\t\t\t<\/div>\n\t\t<\/div>\n\t\t\t\t\t<\/div>\n\t\t<\/section>\n\t\t\t\t\t<\/div>\n\t\t<\/div>\n\t\t\t\t\t<\/div>\n\t\t<\/section>\n\t\t\t\t<\/div>\n\t\t","protected":false},"excerpt":{"rendered":"<p>NOSOTROS COCINA MILENARIA En el Restaurante Casa Elefante, ubicado en el coraz\u00f3n de Polanco, CDMX, somos una familia apasionada por los sabores tradicionales de la India.<span class=\"excerpt-hellip\"> [\u2026]<\/span><\/p>\n","protected":false},"author":1,"featured_media":0,"parent":0,"menu_order":0,"comment_status":"open","ping_status":"closed","template":"","meta":{"footnotes":""},"class_list":["post-15","page","type-page","status-publish","hentry"],"_links":{"self":[{"href":"https:\/\/tajmahaldf.com\/site\/wp-json\/wp\/v2\/pages\/15","targetHints":{"allow":["GET"]}}],"collection":[{"href":"https:\/\/tajmahaldf.com\/site\/wp-json\/wp\/v2\/pages"}],"about":[{"href":"https:\/\/tajmahaldf.com\/site\/wp-json\/wp\/v2\/types\/page"}],"author":[{"embeddable":true,"href":"https:\/\/tajmahaldf.com\/site\/wp-json\/wp\/v2\/users\/1"}],"replies":[{"embeddable":true,"href":"https:\/\/tajmahaldf.com\/site\/wp-json\/wp\/v2\/comments?post=15"}],"version-history":[{"count":3,"href":"https:\/\/tajmahaldf.com\/site\/wp-json\/wp\/v2\/pages\/15\/revisions"}],"predecessor-version":[{"id":540,"href":"https:\/\/tajmahaldf.com\/site\/wp-json\/wp\/v2\/pages\/15\/revisions\/540"}],"wp:attachment":[{"href":"https:\/\/tajmahaldf.com\/site\/wp-json\/wp\/v2\/media?parent=15"}],"curies":[{"name":"wp","href":"https:\/\/api.w.org\/{rel}","templated":true}]}}